{"id":10325,"date":"2025-03-24T09:17:50","date_gmt":"2025-03-24T08:17:50","guid":{"rendered":"https:\/\/lions-pharmacy.com\/?post_type=product&#038;p=10325"},"modified":"2025-03-26T07:47:16","modified_gmt":"2025-03-26T06:47:16","slug":"ocuvite-makula-capsoules-84-pc-11129688","status":"publish","type":"product","link":"https:\/\/lions-pharmacy.com\/de\/produkt\/ocuvite-makula-capsoules-84-pc-11129688","title":{"rendered":"OCUVITE Makula-Kapseln (84 St\u00fcck)"},"content":{"rendered":"<h3>OCUVITE Makula-Kapseln<\/h3>\n<p>OCUVITE Makula Kapseln helfen bei altersbedingter Makuladegeneration mit fortschreitendem Sehverlust. Enth\u00e4lt Lutein, Heidelbeere, Fols\u00e4ure, Vitamin B6 und B12.<\/p>\n<p>Packungsbeilage\/Gebrauchsanweisung\/Artikeldatenblatt: \u2013 (PDF-Reader)<\/p>\n<p>Andere Produkte f\u00fcr die Anwendung: <a href=\"https:\/\/lions-pharmacy.com\/product-tag\/homeopathy\" rel=\"tag\">Hom\u00f6opathie<\/a> | <a href=\"https:\/\/lions-pharmacy.com\/product-tag\/vitamins-supplements\">Vitamine &amp; Nahrungserg\u00e4nzungsmittel Produkte<\/a><\/p>\n<p>Erfahren Sie mehr \u00fcber den Hersteller und dieses Produkt <a href=\"https:\/\/www.ocuvite.de\/produkte\/ocuvite-makula\" target=\"_blank\" rel=\"noopener\">OCUVITE Makula<\/a> (Link zu externer Website) Dr. Gerhard Mann Chem.-pharm.Fabrik GmbH, Deutschland.<\/p>\n<p>Nahrungserg\u00e4nzungsmittel sind kein Ersatz f\u00fcr eine ausgewogene und abwechslungsreiche Ern\u00e4hrung und eine gesunde Lebensweise. \u00dcberschreiten Sie nicht die empfohlene Tagesdosis. Au\u00dferhalb der Reichweite von kleinen Kindern aufbewahren.<\/p>\n<p>Informationen auf dieser Website werden ausschlie\u00dflich f\u00fcr informative Zwecke zur Verf\u00fcgung gestellt. Sie ersetzen keinesfalls die Untersuchung und Behandlung durch einen Arzt. Bitte beachten Sie, dass hierdurch weder Diagnosen gestellt noch Therapien eingeleitet werden k\u00f6nnen.<\/p>\n<p>Zu Risiken und Nebenwirkungen lesen Sie die Packungsbeilage und fragen Sie Ihren Arzt oder Apotheker.<\/p>\n<p>&nbsp;<\/p>\n<h3>Verschreibung | E-Rezept erh\u00e4ltlich?<\/h3>\n<p>Reichen Sie jetzt Ihr E-Rezept ein. Nutzen Sie unsere <a href=\"https:\/\/e-rezept-app.de\/shop-rezept\" target=\"_blank\" rel=\"noopener\">E-Rezept-App<\/a> . Und wir schenken Ihnen die Versandkosten in Deutschland!<\/p>\n","protected":false},"excerpt":{"rendered":"<h2>OCUVITE Makula<\/h2>\n<p>Hilft bei altersbedingter Makuladegeneration, mit Lutein, Heidelbeere, Fols\u00e4ure, Vitamin B6 und B12.<\/p>\n<p>&nbsp;<\/p>\n<p><strong>PZN<\/strong>: 11129688<\/p>\n<p><strong>Darreichungsform<\/strong>: Kapseln<\/p>\n<p><strong>Packungsgr\u00f6\u00dfe<\/strong>: 84 St\u00fcck.<\/p>\n<p><strong>Verschreibungsart:<\/strong> verschreibungsfrei<\/p>\n<p><strong>Marke<\/strong>: Ocuvite<\/p>\n<p><strong>Hersteller<\/strong>: Dr. Gerhard Mann Chem.-pharm.Fabrik GmbH, Deutschland<\/p>\n","protected":false},"featured_media":10330,"comment_status":"closed","ping_status":"closed","template":"","meta":[],"product_brand":[],"product_cat":[367,368],"product_tag":[434,433,381,386,472,474,429,432],"class_list":{"0":"post-10325","1":"product","2":"type-product","3":"status-publish","4":"has-post-thumbnail","6":"product_cat-sale-de","7":"product_cat-shop-de","8":"product_tag-gewicht-und-fitness","9":"product_tag-gewichtsmanagement","10":"product_tag-homoopathie","11":"product_tag-konzentration-stress","12":"product_tag-naturliche-heilmittel","13":"product_tag-pflanzlicher-wirkstoff","14":"product_tag-vitamine-und-nahrungserganzungsmittel","15":"product_tag-wellness-de","16":"ts_product_brand-alle","18":"first","19":"outofstock","20":"sale","21":"taxable","22":"shipping-taxable","23":"purchasable","24":"product-type-simple"},"yoast_head":"<!-- This site is optimized with the Yoast SEO plugin v26.5 - https:\/\/yoast.com\/wordpress\/plugins\/seo\/ -->\n<title>OCUVITE Makula-Kapseln (84 St\u00fcck) &#187; Mehr erfahren<\/title>\n<meta name=\"description\" content=\"Registrierte deutsche Apotheke. Wir bieten: Schneller Versand weltweit und Top Service. Erfahren Sie mehr \u00fcber OCUVITE Makula-Kapseln (84 St\u00fcck)\" \/>\n<meta name=\"robots\" content=\"index, follow, max-snippet:-1, max-image-preview:large, max-video-preview:-1\" \/>\n<link rel=\"canonical\" href=\"https:\/\/lions-pharmacy.com\/de\/produkt\/ocuvite-makula-capsoules-84-pc-11129688\" \/>\n<meta property=\"og:locale\" content=\"de_DE\" \/>\n<meta property=\"og:type\" content=\"article\" \/>\n<meta property=\"og:title\" content=\"OCUVITE Makula-Kapseln (84 St\u00fcck) &#187; Mehr erfahren\" \/>\n<meta property=\"og:description\" content=\"Registrierte deutsche Apotheke. Wir bieten: Schneller Versand weltweit und Top Service. Erfahren Sie mehr \u00fcber OCUVITE Makula-Kapseln (84 St\u00fcck)\" \/>\n<meta property=\"og:url\" content=\"https:\/\/lions-pharmacy.com\/de\/produkt\/ocuvite-makula-capsoules-84-pc-11129688\" \/>\n<meta property=\"og:site_name\" content=\"L\u00f6wen Apotheke\" \/>\n<meta property=\"article:modified_time\" content=\"2025-03-26T06:47:16+00:00\" \/>\n<meta property=\"og:image\" content=\"https:\/\/lions-pharmacy.com\/wp-content\/uploads\/2025\/03\/Ocuvite-Makula-capsoules-presented-by-Lions-Pharmacy.webp\" \/>\n\t<meta property=\"og:image:width\" content=\"600\" \/>\n\t<meta property=\"og:image:height\" content=\"600\" \/>\n\t<meta property=\"og:image:type\" content=\"image\/webp\" \/>\n<meta name=\"twitter:card\" content=\"summary_large_image\" \/>\n<meta name=\"twitter:label1\" content=\"Gesch\u00e4tzte Lesezeit\" \/>\n\t<meta name=\"twitter:data1\" content=\"1\u00a0Minute\" \/>\n<script type=\"application\/ld+json\" class=\"yoast-schema-graph\">{\"@context\":\"https:\/\/schema.org\",\"@graph\":[{\"@type\":\"WebPage\",\"@id\":\"https:\/\/lions-pharmacy.com\/de\/produkt\/ocuvite-makula-capsoules-84-pc-11129688\",\"url\":\"https:\/\/lions-pharmacy.com\/de\/produkt\/ocuvite-makula-capsoules-84-pc-11129688\",\"name\":\"OCUVITE Makula-Kapseln (84 St\u00fcck) &#187; Mehr erfahren\",\"isPartOf\":{\"@id\":\"https:\/\/lions-pharmacy.com\/de#website\"},\"primaryImageOfPage\":{\"@id\":\"https:\/\/lions-pharmacy.com\/de\/produkt\/ocuvite-makula-capsoules-84-pc-11129688#primaryimage\"},\"image\":{\"@id\":\"https:\/\/lions-pharmacy.com\/de\/produkt\/ocuvite-makula-capsoules-84-pc-11129688#primaryimage\"},\"thumbnailUrl\":\"https:\/\/lions-pharmacy.com\/wp-content\/uploads\/2025\/03\/Ocuvite-Makula-capsoules-presented-by-Lions-Pharmacy.webp\",\"datePublished\":\"2025-03-24T08:17:50+00:00\",\"dateModified\":\"2025-03-26T06:47:16+00:00\",\"description\":\"Registrierte deutsche Apotheke. Wir bieten: Schneller Versand weltweit und Top Service. Erfahren Sie mehr \u00fcber OCUVITE Makula-Kapseln (84 St\u00fcck)\",\"breadcrumb\":{\"@id\":\"https:\/\/lions-pharmacy.com\/de\/produkt\/ocuvite-makula-capsoules-84-pc-11129688#breadcrumb\"},\"inLanguage\":\"de\",\"potentialAction\":[{\"@type\":\"ReadAction\",\"target\":[\"https:\/\/lions-pharmacy.com\/de\/produkt\/ocuvite-makula-capsoules-84-pc-11129688\"]}]},{\"@type\":\"ImageObject\",\"inLanguage\":\"de\",\"@id\":\"https:\/\/lions-pharmacy.com\/de\/produkt\/ocuvite-makula-capsoules-84-pc-11129688#primaryimage\",\"url\":\"https:\/\/lions-pharmacy.com\/wp-content\/uploads\/2025\/03\/Ocuvite-Makula-capsoules-presented-by-Lions-Pharmacy.webp\",\"contentUrl\":\"https:\/\/lions-pharmacy.com\/wp-content\/uploads\/2025\/03\/Ocuvite-Makula-capsoules-presented-by-Lions-Pharmacy.webp\",\"width\":600,\"height\":600,\"caption\":\"Ocuvite Makula-Kapseln pr\u00e4sentiert von Lions Pharmacy\"},{\"@type\":\"BreadcrumbList\",\"@id\":\"https:\/\/lions-pharmacy.com\/de\/produkt\/ocuvite-makula-capsoules-84-pc-11129688#breadcrumb\",\"itemListElement\":[{\"@type\":\"ListItem\",\"position\":1,\"name\":\"Home\",\"item\":\"https:\/\/lions-pharmacy.com\/de\/homepage-lion-pharmacy\"},{\"@type\":\"ListItem\",\"position\":2,\"name\":\"Shop\",\"item\":\"https:\/\/lions-pharmacy.com\/de\/shop-2\"},{\"@type\":\"ListItem\",\"position\":3,\"name\":\"OCUVITE Makula-Kapseln (84 St\u00fcck)\"}]},{\"@type\":\"WebSite\",\"@id\":\"https:\/\/lions-pharmacy.com\/de#website\",\"url\":\"https:\/\/lions-pharmacy.com\/de\",\"name\":\"Lions Pharmacy\",\"description\":\"Ihr Spezialist f\u00fcr Naturheilkunde aus Baden-Baden, Germany\",\"publisher\":{\"@id\":\"https:\/\/lions-pharmacy.com\/de#organization\"},\"alternateName\":\"Lion Pharmacy\",\"potentialAction\":[{\"@type\":\"SearchAction\",\"target\":{\"@type\":\"EntryPoint\",\"urlTemplate\":\"https:\/\/lions-pharmacy.com\/de?s={search_term_string}\"},\"query-input\":{\"@type\":\"PropertyValueSpecification\",\"valueRequired\":true,\"valueName\":\"search_term_string\"}}],\"inLanguage\":\"de\"},{\"@type\":\"Organization\",\"@id\":\"https:\/\/lions-pharmacy.com\/de#organization\",\"name\":\"Lions Pharmacy\",\"alternateName\":\"Lions Pharmacy24\",\"url\":\"https:\/\/lions-pharmacy.com\/de\",\"logo\":{\"@type\":\"ImageObject\",\"inLanguage\":\"de\",\"@id\":\"https:\/\/lions-pharmacy.com\/de#\/schema\/logo\/image\/\",\"url\":\"https:\/\/lions-pharmacy.com\/wp-content\/uploads\/2022\/12\/Logo-Lion-Pharmacy-c-o-Loewen-Apotheke-smal.jpg\",\"contentUrl\":\"https:\/\/lions-pharmacy.com\/wp-content\/uploads\/2022\/12\/Logo-Lion-Pharmacy-c-o-Loewen-Apotheke-smal.jpg\",\"width\":298,\"height\":99,\"caption\":\"Lions Pharmacy\"},\"image\":{\"@id\":\"https:\/\/lions-pharmacy.com\/de#\/schema\/logo\/image\/\"}}]}<\/script>\n<!-- \/ Yoast SEO plugin. -->","yoast_head_json":{"title":"OCUVITE Makula-Kapseln (84 St\u00fcck) &#187; Mehr erfahren","description":"Registrierte deutsche Apotheke. Wir bieten: Schneller Versand weltweit und Top Service. Erfahren Sie mehr \u00fcber OCUVITE Makula-Kapseln (84 St\u00fcck)","robots":{"index":"index","follow":"follow","max-snippet":"max-snippet:-1","max-image-preview":"max-image-preview:large","max-video-preview":"max-video-preview:-1"},"canonical":"https:\/\/lions-pharmacy.com\/de\/produkt\/ocuvite-makula-capsoules-84-pc-11129688","og_locale":"de_DE","og_type":"article","og_title":"OCUVITE Makula-Kapseln (84 St\u00fcck) &#187; Mehr erfahren","og_description":"Registrierte deutsche Apotheke. Wir bieten: Schneller Versand weltweit und Top Service. Erfahren Sie mehr \u00fcber OCUVITE Makula-Kapseln (84 St\u00fcck)","og_url":"https:\/\/lions-pharmacy.com\/de\/produkt\/ocuvite-makula-capsoules-84-pc-11129688","og_site_name":"L\u00f6wen Apotheke","article_modified_time":"2025-03-26T06:47:16+00:00","og_image":[{"width":600,"height":600,"url":"https:\/\/lions-pharmacy.com\/wp-content\/uploads\/2025\/03\/Ocuvite-Makula-capsoules-presented-by-Lions-Pharmacy.webp","type":"image\/webp"}],"twitter_card":"summary_large_image","twitter_misc":{"Gesch\u00e4tzte Lesezeit":"1\u00a0Minute"},"schema":{"@context":"https:\/\/schema.org","@graph":[{"@type":"WebPage","@id":"https:\/\/lions-pharmacy.com\/de\/produkt\/ocuvite-makula-capsoules-84-pc-11129688","url":"https:\/\/lions-pharmacy.com\/de\/produkt\/ocuvite-makula-capsoules-84-pc-11129688","name":"OCUVITE Makula-Kapseln (84 St\u00fcck) &#187; Mehr erfahren","isPartOf":{"@id":"https:\/\/lions-pharmacy.com\/de#website"},"primaryImageOfPage":{"@id":"https:\/\/lions-pharmacy.com\/de\/produkt\/ocuvite-makula-capsoules-84-pc-11129688#primaryimage"},"image":{"@id":"https:\/\/lions-pharmacy.com\/de\/produkt\/ocuvite-makula-capsoules-84-pc-11129688#primaryimage"},"thumbnailUrl":"https:\/\/lions-pharmacy.com\/wp-content\/uploads\/2025\/03\/Ocuvite-Makula-capsoules-presented-by-Lions-Pharmacy.webp","datePublished":"2025-03-24T08:17:50+00:00","dateModified":"2025-03-26T06:47:16+00:00","description":"Registrierte deutsche Apotheke. Wir bieten: Schneller Versand weltweit und Top Service. Erfahren Sie mehr \u00fcber OCUVITE Makula-Kapseln (84 St\u00fcck)","breadcrumb":{"@id":"https:\/\/lions-pharmacy.com\/de\/produkt\/ocuvite-makula-capsoules-84-pc-11129688#breadcrumb"},"inLanguage":"de","potentialAction":[{"@type":"ReadAction","target":["https:\/\/lions-pharmacy.com\/de\/produkt\/ocuvite-makula-capsoules-84-pc-11129688"]}]},{"@type":"ImageObject","inLanguage":"de","@id":"https:\/\/lions-pharmacy.com\/de\/produkt\/ocuvite-makula-capsoules-84-pc-11129688#primaryimage","url":"https:\/\/lions-pharmacy.com\/wp-content\/uploads\/2025\/03\/Ocuvite-Makula-capsoules-presented-by-Lions-Pharmacy.webp","contentUrl":"https:\/\/lions-pharmacy.com\/wp-content\/uploads\/2025\/03\/Ocuvite-Makula-capsoules-presented-by-Lions-Pharmacy.webp","width":600,"height":600,"caption":"Ocuvite Makula-Kapseln pr\u00e4sentiert von Lions Pharmacy"},{"@type":"BreadcrumbList","@id":"https:\/\/lions-pharmacy.com\/de\/produkt\/ocuvite-makula-capsoules-84-pc-11129688#breadcrumb","itemListElement":[{"@type":"ListItem","position":1,"name":"Home","item":"https:\/\/lions-pharmacy.com\/de\/homepage-lion-pharmacy"},{"@type":"ListItem","position":2,"name":"Shop","item":"https:\/\/lions-pharmacy.com\/de\/shop-2"},{"@type":"ListItem","position":3,"name":"OCUVITE Makula-Kapseln (84 St\u00fcck)"}]},{"@type":"WebSite","@id":"https:\/\/lions-pharmacy.com\/de#website","url":"https:\/\/lions-pharmacy.com\/de","name":"Lions Pharmacy","description":"Ihr Spezialist f\u00fcr Naturheilkunde aus Baden-Baden, Germany","publisher":{"@id":"https:\/\/lions-pharmacy.com\/de#organization"},"alternateName":"Lion Pharmacy","potentialAction":[{"@type":"SearchAction","target":{"@type":"EntryPoint","urlTemplate":"https:\/\/lions-pharmacy.com\/de?s={search_term_string}"},"query-input":{"@type":"PropertyValueSpecification","valueRequired":true,"valueName":"search_term_string"}}],"inLanguage":"de"},{"@type":"Organization","@id":"https:\/\/lions-pharmacy.com\/de#organization","name":"Lions Pharmacy","alternateName":"Lions Pharmacy24","url":"https:\/\/lions-pharmacy.com\/de","logo":{"@type":"ImageObject","inLanguage":"de","@id":"https:\/\/lions-pharmacy.com\/de#\/schema\/logo\/image\/","url":"https:\/\/lions-pharmacy.com\/wp-content\/uploads\/2022\/12\/Logo-Lion-Pharmacy-c-o-Loewen-Apotheke-smal.jpg","contentUrl":"https:\/\/lions-pharmacy.com\/wp-content\/uploads\/2022\/12\/Logo-Lion-Pharmacy-c-o-Loewen-Apotheke-smal.jpg","width":298,"height":99,"caption":"Lions Pharmacy"},"image":{"@id":"https:\/\/lions-pharmacy.com\/de#\/schema\/logo\/image\/"}}]}},"_links":{"self":[{"href":"https:\/\/lions-pharmacy.com\/de\/wp-json\/wp\/v2\/product\/10325","targetHints":{"allow":["GET"]}}],"collection":[{"href":"https:\/\/lions-pharmacy.com\/de\/wp-json\/wp\/v2\/product"}],"about":[{"href":"https:\/\/lions-pharmacy.com\/de\/wp-json\/wp\/v2\/types\/product"}],"replies":[{"embeddable":true,"href":"https:\/\/lions-pharmacy.com\/de\/wp-json\/wp\/v2\/comments?post=10325"}],"wp:featuredmedia":[{"embeddable":true,"href":"https:\/\/lions-pharmacy.com\/de\/wp-json\/wp\/v2\/media\/10330"}],"wp:attachment":[{"href":"https:\/\/lions-pharmacy.com\/de\/wp-json\/wp\/v2\/media?parent=10325"}],"wp:term":[{"taxonomy":"product_brand","embeddable":true,"href":"https:\/\/lions-pharmacy.com\/de\/wp-json\/wp\/v2\/product_brand?post=10325"},{"taxonomy":"product_cat","embeddable":true,"href":"https:\/\/lions-pharmacy.com\/de\/wp-json\/wp\/v2\/product_cat?post=10325"},{"taxonomy":"product_tag","embeddable":true,"href":"https:\/\/lions-pharmacy.com\/de\/wp-json\/wp\/v2\/product_tag?post=10325"}],"curies":[{"name":"wp","href":"https:\/\/api.w.org\/{rel}","templated":true}]}}