{"id":2849,"date":"2022-12-11T09:03:40","date_gmt":"2022-12-11T08:03:40","guid":{"rendered":"https:\/\/lions-pharmacy.com\/rueckgaberecht-widerrufsrecht"},"modified":"2025-11-21T09:52:59","modified_gmt":"2025-11-21T08:52:59","slug":"return-policy-right-of-withdrawal","status":"publish","type":"page","link":"https:\/\/lions-pharmacy.com\/de\/return-policy-right-of-withdrawal","title":{"rendered":"R\u00fcckgaberecht &#8211; Widerrufsrecht"},"content":{"rendered":"\t\t<div data-elementor-type=\"wp-page\" data-elementor-id=\"2849\" class=\"elementor elementor-2849 elementor-23\">\n\t\t\t\t\t\t<section class=\"elementor-section elementor-top-section elementor-element elementor-element-5899c069 elementor-section-boxed elementor-section-height-default elementor-section-height-default\" data-id=\"5899c069\" data-element_type=\"section\">\n\t\t\t\t\t\t<div class=\"elementor-container elementor-column-gap-default\">\n\t\t\t\t\t<div class=\"elementor-column elementor-col-100 elementor-top-column elementor-element elementor-element-4699209c\" data-id=\"4699209c\" data-element_type=\"column\">\n\t\t\t<div class=\"elementor-widget-wrap elementor-element-populated\">\n\t\t\t\t\t\t<div class=\"elementor-element elementor-element-15895d32 elementor-widget elementor-widget-text-editor\" data-id=\"15895d32\" data-element_type=\"widget\" data-widget_type=\"text-editor.default\">\n\t\t\t\t<div class=\"elementor-widget-container\">\n\t\t\t\t\t\t\t\t\t<p><\/p>\n<h3 class=\"wp-block-heading\">R\u00fcckgaberecht &#8211; Widerrufsrecht<\/h3>\n<p><\/p>\n<p><\/p>\n<h4 class=\"wp-block-heading\">\u00a7 1 WIDERRUFSRECHT<\/h4>\n<p><\/p>\n<p><\/p>\n<p>Sie haben das Recht, binnen vierzehn Tagen (Kalendertagen) ohne Angabe von Gr\u00fcnden diesen Vertrag zu widerrufen. Die Widerrufsfrist betr\u00e4gt vierzehn Tage ab dem Tag, an dem Sie oder ein von Ihnen benannter Dritter, der nicht der Bef\u00f6rderer ist, die letzte Ware in Besitz genommen haben bzw. hat.<\/p>\n<p><\/p>\n<p><\/p>\n<p>Um Ihr Widerrufsrecht auszu\u00fcben, m\u00fcssen Sie uns<\/p>\n<p><\/p>\n<p><\/p>\n<p>L\u00f6wen Apotheke24<br>Lichtentaler Str. 3<br>76530 Baden-Baden<br>E-Mail: info@loewen-apotheke24.de<\/p>\n<p><\/p>\n<p><\/p>\n<p>mittels einer eindeutigen Erkl\u00e4rung (z.B. ein mit der Post versandter Brief, Telefax oder E-Mail mit der M\u00f6glichkeit, unser <a href=\"https:\/\/lions-pharmacy.com\/wp-content\/uploads\/2024\/10\/Widerrufsformular.pdf\">Widerrufsformular<\/a> zu nutzen) \u00fcber Ihren Entschluss, diesen Vertrag zu widerrufen, informieren. Wenn Sie von dieser M\u00f6glichkeit Gebrauch machen, senden wir Ihnen unverz\u00fcglich eine Best\u00e4tigung \u00fcber den Eingang des Widerspruchs (z.B. per E-Mail) zu.<\/p>\n<p><\/p>\n<p><\/p>\n<p>Zur Wahrung der Widerrufsfrist reicht es aus, dass Sie die Mitteilung \u00fcber die Aus\u00fcbung des Widerrufsrechts vor Ablauf der Widerrufsfrist absenden.<\/p>\n<p><\/p>\n<p><\/p>\n<h4 class=\"wp-block-heading\">FOLGEN DES WIDERRUFS<\/h4>\n<p><\/p>\n<p><\/p>\n<p>Wenn Sie diesen Vertrag widerrufen, haben wir Ihnen alle Zahlungen, die wir von Ihnen erhalten haben, einschlie\u00dflich der Lieferkosten (mit Ausnahme der zus\u00e4tzlichen Kosten, die sich daraus ergeben, dass Sie eine andere Art der Lieferung als die von uns angebotene, g\u00fcnstigste Standardlieferung gew\u00e4hlt haben), unverz\u00fcglich und sp\u00e4testens binnen vierzehn Tagen ab dem Tag zur\u00fcckzuzahlen, an dem die Mitteilung \u00fcber Ihren Widerruf dieses Vertrags bei uns eingegangen ist. F\u00fcr diese R\u00fcckzahlung verwenden wir dasselbe Zahlungsmittel, das Sie bei der urspr\u00fcnglichen Transaktion eingesetzt haben, es sei denn, mit Ihnen wurde ausdr\u00fccklich etwas anderes vereinbart; in keinem Fall werden Ihnen wegen dieser R\u00fcckzahlung Entgelte berechnet.<\/p>\n<p><\/p>\n<p><\/p>\n<p>Wir k\u00f6nnen die R\u00fcckzahlung verweigern, bis wir die Waren wieder zur\u00fcckerhalten haben oder bis Sie den Nachweis erbracht haben, dass Sie die Waren zur\u00fcckgesandt haben, je nachdem, welches der fr\u00fchere Zeitpunkt ist. Sie haben die Waren unverz\u00fcglich und in jedem Fall sp\u00e4testens binnen vierzehn Tagen ab dem Tag, an dem Sie uns \u00fcber den Widerruf dieses Vertrags unterrichten, an uns zur\u00fcckzusenden oder zu \u00fcbergeben. Die Frist ist gewahrt, wenn Sie die Waren vor Ablauf der Frist von vierzehn Tagen absenden.<\/p>\n<p><\/p>\n<p><\/p>\n<p>Sie tragen die Kosten der R\u00fccksendung der Waren. Sie m\u00fcssen f\u00fcr einen etwaigen Wertverlust der Waren nur aufkommen, wenn dieser Wertverlust auf einen zur Pr\u00fcfung der Beschaffenheit, Eigenschaften und Funktionsweise der Waren nicht notwendigen Umgang mit ihnen zur\u00fcckzuf\u00fchren ist.<\/p>\n<p><\/p>\n<p><\/p>\n<p><strong>KOSTEN UND R\u00dcCKSENDEMITTEILUNG IM WIDERRUFSFALL<\/strong><\/p>\n<p><\/p>\n<p><\/p>\n<p>Im Falle des Widerrufs gem\u00e4\u00df \u00a71 haben Sie die regelm\u00e4\u00dfigen Kosten der R\u00fccksendung zu tragen, es sei denn, der gelieferte Artikel entspricht nicht dem bestellten Artikel.<\/p>\n<p><\/p>\n<p><\/p>\n<p>Bitte vermeiden Sie Besch\u00e4digungen und Verunreinigungen. Bitte senden Sie die Ware nach M\u00f6glichkeit in der Originalverpackung mit s\u00e4mtlichem Zubeh\u00f6r und mit allen Verpackungsbestandteilen an uns zur\u00fcck. Sollten Sie die Originalverpackung nicht mehr besitzen, sorgen Sie bitte mit geeigneter Verpackung f\u00fcr ausreichenden Schutz vor Transportsch\u00e4den, um Schadenersatzanspr\u00fcche wegen unzureichender Verpackung zu vermeiden. Die aufgef\u00fchrten Modalit\u00e4ten sind keine Voraussetzung f\u00fcr die wirksame Aus\u00fcbung des Widerrufsrechts.<\/p>\n<p><\/p>\n<p><\/p>\n<p>Sobald wir die Sendung erhalten und die Artikel gepr\u00fcft haben, erstatten wir Ihnen den entsprechenden Zahlungsbetrag. Die Gutschrift sollte innerhalb von 14 Werktagen nach Eingang der Sendung auf Ihrem Konto ausgestellt werden, abh\u00e4ngig von der Postlaufzeit und der Zahlungsmethode. F\u00fcr die R\u00fcckzahlung verwenden wir dasselbe Zahlungsmittel, das bei der urspr\u00fcnglichen Transaktion eingesetzt wurde, es sei denn, mit Ihnen wurde vorher ausdr\u00fccklich etwas anderes vereinbart. Die regelm\u00e4\u00dfigen Kosten der R\u00fccksendung der Artikel tr\u00e4gt der Kunde. Wenn mit Ihren gelieferten Artikeln alles in Ordnung war, behalten wir uns das Recht vor, die regul\u00e4ren R\u00fccksendekosten vom R\u00fcckerstattungsbetrag einzubehalten. Die Kosten betragen 5,90 \u20ac f\u00fcr Bestellungen innerhalb Deutschlands und 14-23 \u20ac f\u00fcr Bestellungen innerhalb der EU, Gro\u00dfbritannien und der Schweiz.<\/p>\n<p><\/p>\n<p><\/p>\n<p>Bestimmte Produkte, zum Beispiel versiegelte Waren, die aus Gr\u00fcnden des Gesundheitsschutzes oder der Hygiene nicht zur R\u00fcckgabe geeignet sind, k\u00f6nnen von der R\u00fcckgabe ausgeschlossen sein.<\/p>\n<p><\/p>\n<p><\/p>\n<h4 class=\"wp-block-heading\">DAS WIDERRUFSRECHT BESTEHT NICHT BEI VERTR\u00c4GEN:<\/h4>\n<p><\/p>\n<p><\/p>\n<p>\u2013 bei Bestellungen au\u00dferhalb Deutschlands: f\u00fcr die Lieferung von Arzneimitteln, da die sachgem\u00e4\u00dfe Lagerung und damit die vom Arzneimittelgesetz vorgeschriebenen Qualit\u00e4tsstandards nicht mehr gew\u00e4hrleistet werden k\u00f6nnen (\u00a7 312g II Nr. 2 und 3 BGB)<\/p>\n<p><\/p>\n<p><\/p>\n<p>&#8211; f\u00fcr die Lieferung von Waren, die nicht vorgefertigt sind und f\u00fcr deren Herstellung eine individuelle Auswahl <strong>(kundenspezifische Therapie)<\/strong> oder Bestimmung durch den Verbraucher ma\u00dfgeblich ist oder die eindeutig auf die pers\u00f6nlichen Bed\u00fcrfnisse des Verbrauchers zugeschnitten sind; oder wie z.B. <strong>individuell importierte<\/strong> Produkte f\u00fcr eine<strong> kundenspezifische Therapie<\/strong> wie Labo Life Produkte,<\/p>\n<p><\/p>\n<p><\/p>\n<p>\u2013 f\u00fcr die Lieferung von Waren, die schnell verderben k\u00f6nnen oder deren Verfallsdatum schnell \u00fcberschritten w\u00fcrde;<\/p>\n<p><\/p>\n<p><\/p>\n<h4 class=\"wp-block-heading\">DAS WIDERRUFSRECHT ERLISCHT VORZEITIG BEI VERTR\u00c4GEN:<\/h4>\n<p><\/p>\n<p><\/p>\n<p>\u2013 zur Lieferung versiegelter Waren, die aus Gr\u00fcnden des Gesundheitsschutzes oder der Hygiene nicht zur R\u00fcckgabe geeignet sind, wenn ihre Versiegelung nach der Lieferung entfernt wurde;<\/p>\n<p><\/p>\n<p><\/p>\n<p>\u2013 zur Lieferung von Ton- oder Videoaufzeichnungen oder Computersoftware in einer versiegelten Packung, wenn die Versiegelung nach der Lieferung entfernt wurde.<\/p>\n<p><\/p>\t\t\t\t\t\t\t\t<\/div>\n\t\t\t\t<\/div>\n\t\t\t\t\t<\/div>\n\t\t<\/div>\n\t\t\t\t\t<\/div>\n\t\t<\/section>\n\t\t\t\t<\/div>\n\t\t","protected":false},"excerpt":{"rendered":"<p>R\u00fcckgaberecht &#8211; Widerrufsrecht \u00a7 1 WIDERRUFSRECHT Sie haben das Recht, binnen vierzehn Tagen (Kalendertagen) ohne Angabe von Gr\u00fcnden diesen Vertrag zu widerrufen. Die Widerrufsfrist betr\u00e4gt vierzehn Tage ab dem Tag, an dem Sie oder ein von Ihnen benannter Dritter, der nicht der Bef\u00f6rderer ist, die letzte Ware in Besitz genommen haben bzw. hat. Um Ihr [&hellip;]<\/p>\n","protected":false},"author":1,"featured_media":0,"parent":0,"menu_order":0,"comment_status":"closed","ping_status":"closed","template":"","meta":{"footnotes":""},"class_list":["post-2849","page","type-page","status-publish","hentry"],"yoast_head":"<!-- This site is optimized with the Yoast SEO plugin v26.5 - https:\/\/yoast.com\/wordpress\/plugins\/seo\/ -->\n<title>R\u00fcckgaberecht - Widerrufsrecht &#187; L\u00f6wen Apotheke<\/title>\n<meta name=\"description\" content=\"Lion Pharmacy | pharmacie en ligne allemande enregistr\u00e9e | Exp\u00e9dition internationale rapide | Achats en ligne pratiques et s\u00fbrs | R\u00fcckgaberecht - Widerrufsrecht\" \/>\n<meta name=\"robots\" content=\"noindex, follow\" \/>\n<meta property=\"og:locale\" content=\"de_DE\" \/>\n<meta property=\"og:type\" content=\"article\" \/>\n<meta property=\"og:title\" content=\"R\u00fcckgaberecht - Widerrufsrecht &#187; L\u00f6wen Apotheke\" \/>\n<meta property=\"og:description\" content=\"Lion Pharmacy | pharmacie en ligne allemande enregistr\u00e9e | Exp\u00e9dition internationale rapide | Achats en ligne pratiques et s\u00fbrs | R\u00fcckgaberecht - Widerrufsrecht\" \/>\n<meta property=\"og:url\" content=\"https:\/\/lions-pharmacy.com\/de\/return-policy-right-of-withdrawal\" \/>\n<meta property=\"og:site_name\" content=\"L\u00f6wen Apotheke\" \/>\n<meta property=\"article:modified_time\" content=\"2025-11-21T08:52:59+00:00\" \/>\n<meta property=\"og:image\" content=\"https:\/\/lions-pharmacy.com\/wp-content\/uploads\/2023\/01\/lion-pharmacy-fallback-image-.jpg\" \/>\n\t<meta property=\"og:image:width\" content=\"1200\" \/>\n\t<meta property=\"og:image:height\" content=\"675\" \/>\n\t<meta property=\"og:image:type\" content=\"image\/jpeg\" \/>\n<meta name=\"twitter:card\" content=\"summary_large_image\" \/>\n<meta name=\"twitter:label1\" content=\"Gesch\u00e4tzte Lesezeit\" \/>\n\t<meta name=\"twitter:data1\" content=\"4\u00a0Minuten\" \/>\n<script type=\"application\/ld+json\" class=\"yoast-schema-graph\">{\"@context\":\"https:\/\/schema.org\",\"@graph\":[{\"@type\":\"WebPage\",\"@id\":\"https:\/\/lions-pharmacy.com\/de\/return-policy-right-of-withdrawal\",\"url\":\"https:\/\/lions-pharmacy.com\/de\/return-policy-right-of-withdrawal\",\"name\":\"R\u00fcckgaberecht - Widerrufsrecht &#187; L\u00f6wen Apotheke\",\"isPartOf\":{\"@id\":\"https:\/\/lions-pharmacy.com\/de#website\"},\"datePublished\":\"2022-12-11T08:03:40+00:00\",\"dateModified\":\"2025-11-21T08:52:59+00:00\",\"description\":\"Lion Pharmacy | pharmacie en ligne allemande enregistr\u00e9e | Exp\u00e9dition internationale rapide | Achats en ligne pratiques et s\u00fbrs | R\u00fcckgaberecht - Widerrufsrecht\",\"breadcrumb\":{\"@id\":\"https:\/\/lions-pharmacy.com\/de\/return-policy-right-of-withdrawal#breadcrumb\"},\"inLanguage\":\"de\",\"potentialAction\":[{\"@type\":\"ReadAction\",\"target\":[\"https:\/\/lions-pharmacy.com\/de\/return-policy-right-of-withdrawal\"]}]},{\"@type\":\"BreadcrumbList\",\"@id\":\"https:\/\/lions-pharmacy.com\/de\/return-policy-right-of-withdrawal#breadcrumb\",\"itemListElement\":[{\"@type\":\"ListItem\",\"position\":1,\"name\":\"Home\",\"item\":\"https:\/\/lions-pharmacy.com\/de\/homepage-lion-pharmacy\"},{\"@type\":\"ListItem\",\"position\":2,\"name\":\"R\u00fcckgaberecht &#8211; Widerrufsrecht\"}]},{\"@type\":\"WebSite\",\"@id\":\"https:\/\/lions-pharmacy.com\/de#website\",\"url\":\"https:\/\/lions-pharmacy.com\/de\",\"name\":\"Lions Pharmacy\",\"description\":\"Ihr Spezialist f\u00fcr Naturheilkunde aus Baden-Baden, Germany\",\"publisher\":{\"@id\":\"https:\/\/lions-pharmacy.com\/de#organization\"},\"alternateName\":\"Lion Pharmacy\",\"potentialAction\":[{\"@type\":\"SearchAction\",\"target\":{\"@type\":\"EntryPoint\",\"urlTemplate\":\"https:\/\/lions-pharmacy.com\/de?s={search_term_string}\"},\"query-input\":{\"@type\":\"PropertyValueSpecification\",\"valueRequired\":true,\"valueName\":\"search_term_string\"}}],\"inLanguage\":\"de\"},{\"@type\":\"Organization\",\"@id\":\"https:\/\/lions-pharmacy.com\/de#organization\",\"name\":\"Lions Pharmacy\",\"alternateName\":\"Lions Pharmacy24\",\"url\":\"https:\/\/lions-pharmacy.com\/de\",\"logo\":{\"@type\":\"ImageObject\",\"inLanguage\":\"de\",\"@id\":\"https:\/\/lions-pharmacy.com\/de#\/schema\/logo\/image\/\",\"url\":\"https:\/\/lions-pharmacy.com\/wp-content\/uploads\/2022\/12\/Logo-Lion-Pharmacy-c-o-Loewen-Apotheke-smal.jpg\",\"contentUrl\":\"https:\/\/lions-pharmacy.com\/wp-content\/uploads\/2022\/12\/Logo-Lion-Pharmacy-c-o-Loewen-Apotheke-smal.jpg\",\"width\":298,\"height\":99,\"caption\":\"Lions Pharmacy\"},\"image\":{\"@id\":\"https:\/\/lions-pharmacy.com\/de#\/schema\/logo\/image\/\"}}]}<\/script>\n<!-- \/ Yoast SEO plugin. -->","yoast_head_json":{"title":"R\u00fcckgaberecht - Widerrufsrecht &#187; L\u00f6wen Apotheke","description":"Lion Pharmacy | pharmacie en ligne allemande enregistr\u00e9e | Exp\u00e9dition internationale rapide | Achats en ligne pratiques et s\u00fbrs | R\u00fcckgaberecht - Widerrufsrecht","robots":{"index":"noindex","follow":"follow"},"og_locale":"de_DE","og_type":"article","og_title":"R\u00fcckgaberecht - Widerrufsrecht &#187; L\u00f6wen Apotheke","og_description":"Lion Pharmacy | pharmacie en ligne allemande enregistr\u00e9e | Exp\u00e9dition internationale rapide | Achats en ligne pratiques et s\u00fbrs | R\u00fcckgaberecht - Widerrufsrecht","og_url":"https:\/\/lions-pharmacy.com\/de\/return-policy-right-of-withdrawal","og_site_name":"L\u00f6wen Apotheke","article_modified_time":"2025-11-21T08:52:59+00:00","og_image":[{"width":1200,"height":675,"url":"https:\/\/lions-pharmacy.com\/wp-content\/uploads\/2023\/01\/lion-pharmacy-fallback-image-.jpg","type":"image\/jpeg"}],"twitter_card":"summary_large_image","twitter_misc":{"Gesch\u00e4tzte Lesezeit":"4\u00a0Minuten"},"schema":{"@context":"https:\/\/schema.org","@graph":[{"@type":"WebPage","@id":"https:\/\/lions-pharmacy.com\/de\/return-policy-right-of-withdrawal","url":"https:\/\/lions-pharmacy.com\/de\/return-policy-right-of-withdrawal","name":"R\u00fcckgaberecht - Widerrufsrecht &#187; L\u00f6wen Apotheke","isPartOf":{"@id":"https:\/\/lions-pharmacy.com\/de#website"},"datePublished":"2022-12-11T08:03:40+00:00","dateModified":"2025-11-21T08:52:59+00:00","description":"Lion Pharmacy | pharmacie en ligne allemande enregistr\u00e9e | Exp\u00e9dition internationale rapide | Achats en ligne pratiques et s\u00fbrs | R\u00fcckgaberecht - Widerrufsrecht","breadcrumb":{"@id":"https:\/\/lions-pharmacy.com\/de\/return-policy-right-of-withdrawal#breadcrumb"},"inLanguage":"de","potentialAction":[{"@type":"ReadAction","target":["https:\/\/lions-pharmacy.com\/de\/return-policy-right-of-withdrawal"]}]},{"@type":"BreadcrumbList","@id":"https:\/\/lions-pharmacy.com\/de\/return-policy-right-of-withdrawal#breadcrumb","itemListElement":[{"@type":"ListItem","position":1,"name":"Home","item":"https:\/\/lions-pharmacy.com\/de\/homepage-lion-pharmacy"},{"@type":"ListItem","position":2,"name":"R\u00fcckgaberecht &#8211; Widerrufsrecht"}]},{"@type":"WebSite","@id":"https:\/\/lions-pharmacy.com\/de#website","url":"https:\/\/lions-pharmacy.com\/de","name":"Lions Pharmacy","description":"Ihr Spezialist f\u00fcr Naturheilkunde aus Baden-Baden, Germany","publisher":{"@id":"https:\/\/lions-pharmacy.com\/de#organization"},"alternateName":"Lion Pharmacy","potentialAction":[{"@type":"SearchAction","target":{"@type":"EntryPoint","urlTemplate":"https:\/\/lions-pharmacy.com\/de?s={search_term_string}"},"query-input":{"@type":"PropertyValueSpecification","valueRequired":true,"valueName":"search_term_string"}}],"inLanguage":"de"},{"@type":"Organization","@id":"https:\/\/lions-pharmacy.com\/de#organization","name":"Lions Pharmacy","alternateName":"Lions Pharmacy24","url":"https:\/\/lions-pharmacy.com\/de","logo":{"@type":"ImageObject","inLanguage":"de","@id":"https:\/\/lions-pharmacy.com\/de#\/schema\/logo\/image\/","url":"https:\/\/lions-pharmacy.com\/wp-content\/uploads\/2022\/12\/Logo-Lion-Pharmacy-c-o-Loewen-Apotheke-smal.jpg","contentUrl":"https:\/\/lions-pharmacy.com\/wp-content\/uploads\/2022\/12\/Logo-Lion-Pharmacy-c-o-Loewen-Apotheke-smal.jpg","width":298,"height":99,"caption":"Lions Pharmacy"},"image":{"@id":"https:\/\/lions-pharmacy.com\/de#\/schema\/logo\/image\/"}}]}},"_links":{"self":[{"href":"https:\/\/lions-pharmacy.com\/de\/wp-json\/wp\/v2\/pages\/2849","targetHints":{"allow":["GET"]}}],"collection":[{"href":"https:\/\/lions-pharmacy.com\/de\/wp-json\/wp\/v2\/pages"}],"about":[{"href":"https:\/\/lions-pharmacy.com\/de\/wp-json\/wp\/v2\/types\/page"}],"author":[{"embeddable":true,"href":"https:\/\/lions-pharmacy.com\/de\/wp-json\/wp\/v2\/users\/1"}],"replies":[{"embeddable":true,"href":"https:\/\/lions-pharmacy.com\/de\/wp-json\/wp\/v2\/comments?post=2849"}],"version-history":[{"count":0,"href":"https:\/\/lions-pharmacy.com\/de\/wp-json\/wp\/v2\/pages\/2849\/revisions"}],"wp:attachment":[{"href":"https:\/\/lions-pharmacy.com\/de\/wp-json\/wp\/v2\/media?parent=2849"}],"curies":[{"name":"wp","href":"https:\/\/api.w.org\/{rel}","templated":true}]}}