{"id":2610,"date":"2022-12-11T09:03:40","date_gmt":"2022-12-11T08:03:40","guid":{"rendered":"https:\/\/lions-pharmacy.com\/zahlungsmoeglichkeiten"},"modified":"2023-11-28T08:09:29","modified_gmt":"2023-11-28T07:09:29","slug":"zahlungsmoeglichkeiten","status":"publish","type":"page","link":"https:\/\/lions-pharmacy.com\/de\/zahlungsmoeglichkeiten","title":{"rendered":"Zahlungsm\u00f6glichkeiten"},"content":{"rendered":"\n<h3 class=\"wp-block-heading\">PAYMENT \u2013 IHRE ZAHLUNGSM\u00d6GLICHKEITEN<\/h3>\n\n<p>Welche Zahlungsm\u00f6glichkeiten stehen mir bei Online-Bestellungen zur Verf\u00fcgung?<\/p>\n\n<h4 class=\"wp-block-heading\">VORAUSZAHLUNG<\/h4>\n\n<p>Wenn Sie als Zahlungsart &#8220;Vorkasse&#8221; ausw\u00e4hlen, erhalten Sie nach Ihrer Bestellung eine Bestellbest\u00e4tigung mit unseren Kontodaten und dem Rechnungsbetrag. Sie \u00fcberweisen den Rechnungsbetrag und sobald dieser bei uns eingegangen ist, wird Ihre Bestellung bearbeitet und versendet.<\/p>\n\n<h4 class=\"wp-block-heading\">PayPal<\/h4>\n\n<p>Wenn Sie &#8220;PayPal&#8221; als Zahlungsart w\u00e4hlen, bezahlen Sie den Rechnungsbetrag direkt \u00fcber Ihr bestehendes oder neues <a href=\"https:\/\/www.paypal.com\/us\/home\" target=\"_blank\" rel=\"noreferrer noopener\">PayPal<\/a> Konto. Wir werden die Bestellung umgehend bearbeiten und versenden.<\/p>\n\n<p><\/p>\n\n<h4 class=\"wp-block-heading\">SEPA-LASTSCHRIFTVERFAHREN<\/h4>\n\n<p>Wenn Sie als Zahlungsart &#8220;SEPA-Lastschrift&#8221; ausw\u00e4hlen, werden Ihre Bankdaten abgefragt und verifiziert. Sie erhalten eine Auftragsbest\u00e4tigung mit dem Rechnungsbetrag. Anschlie\u00dfend wird dieser Betrag automatisch von Ihrem Bankkonto abgebucht. Sobald die Zahlung bei uns eingegangen ist (ca. 2-3 Werktage), wird Ihre Bestellung bearbeitet und versendet.<\/p>\n\n<h4 class=\"wp-block-heading\">KREDITKARTE (\u00dcBER PayPal KONTO)<\/h4>\n\n<p>Wenn Sie als Zahlungsart &#8220;Kreditkarte&#8221; ausw\u00e4hlen, werden Sie im Bestellprozess zu PayPal weitergeleitet. In Ihrem PayPal Konto k\u00f6nnen Sie Ihre Kreditkartendaten eingeben bzw. hinterlegen. Wir werden die Bestellung umgehend bearbeiten und versenden.<\/p>\n\n<p><\/p>\n\n<p class=\"has-text-align-left\"><strong>KARTE  <\/strong><\/p>\n\n<p><\/p>\n<div class=\"woocommerce woocommerce-gzd\">\n\t<ul class=\"payment_methods methods\">\n\t\t\t\t\t<li class=\"payment_method_mollie_wc_gateway_bancontact\">\n\t\t\t\t<label>Bancontact<img data-src='https:\/\/lions-pharmacy.com\/wp-content\/plugins\/mollie-payments-for-woocommerce\/public\/images\/bancontact.svg' alt='bancontact icon' class='mollie-gateway-icon lazyload' src='data:image\/svg+xml;base64,PHN2ZyB3aWR0aD0iMSIgaGVpZ2h0PSIxIiB4bWxucz0iaHR0cDovL3d3dy53My5vcmcvMjAwMC9zdmciPjwvc3ZnPg==' \/><\/label>\n\t\t\t\t\t\t\t<\/li>\n\t\t\t\t\t<li class=\"payment_method_mollie_wc_gateway_bancomatpay\">\n\t\t\t\t<label>Bancomat Pay<img data-src='https:\/\/lions-pharmacy.com\/wp-content\/plugins\/mollie-payments-for-woocommerce\/public\/images\/bancomatpay.svg' alt='bancomatpay icon' class='mollie-gateway-icon lazyload' src='data:image\/svg+xml;base64,PHN2ZyB3aWR0aD0iMSIgaGVpZ2h0PSIxIiB4bWxucz0iaHR0cDovL3d3dy53My5vcmcvMjAwMC9zdmciPjwvc3ZnPg==' \/><\/label>\n\t\t\t\t\t\t\t<\/li>\n\t\t\t\t\t<li class=\"payment_method_mollie_wc_gateway_przelewy24\">\n\t\t\t\t<label>Przelewy24<img data-src='https:\/\/lions-pharmacy.com\/wp-content\/plugins\/mollie-payments-for-woocommerce\/public\/images\/przelewy24.svg' alt='przelewy24 icon' class='mollie-gateway-icon lazyload' src='data:image\/svg+xml;base64,PHN2ZyB3aWR0aD0iMSIgaGVpZ2h0PSIxIiB4bWxucz0iaHR0cDovL3d3dy53My5vcmcvMjAwMC9zdmciPjwvc3ZnPg==' \/><\/label>\n\t\t\t\t\t\t\t<\/li>\n\t\t\t\t\t<li class=\"payment_method_mollie_wc_gateway_belfius\">\n\t\t\t\t<label>Belfius Direct Net<img data-src='https:\/\/lions-pharmacy.com\/wp-content\/plugins\/mollie-payments-for-woocommerce\/public\/images\/belfius.svg' alt='belfius icon' class='mollie-gateway-icon lazyload' src='data:image\/svg+xml;base64,PHN2ZyB3aWR0aD0iMSIgaGVpZ2h0PSIxIiB4bWxucz0iaHR0cDovL3d3dy53My5vcmcvMjAwMC9zdmciPjwvc3ZnPg==' \/><\/label>\n\t\t\t\t\t\t\t<\/li>\n\t\t\t\t\t<li class=\"payment_method_mollie_wc_gateway_twint\">\n\t\t\t\t<label>TWINT<img data-src='https:\/\/lions-pharmacy.com\/wp-content\/plugins\/mollie-payments-for-woocommerce\/public\/images\/twint.svg' alt='twint icon' class='mollie-gateway-icon lazyload' src='data:image\/svg+xml;base64,PHN2ZyB3aWR0aD0iMSIgaGVpZ2h0PSIxIiB4bWxucz0iaHR0cDovL3d3dy53My5vcmcvMjAwMC9zdmciPjwvc3ZnPg==' \/><\/label>\n\t\t\t\t\t\t\t<\/li>\n\t\t\t\t\t<li class=\"payment_method_mollie_wc_gateway_eps\">\n\t\t\t\t<label>EPS<img data-src='https:\/\/lions-pharmacy.com\/wp-content\/plugins\/mollie-payments-for-woocommerce\/public\/images\/eps.svg' alt='eps icon' class='mollie-gateway-icon lazyload' src='data:image\/svg+xml;base64,PHN2ZyB3aWR0aD0iMSIgaGVpZ2h0PSIxIiB4bWxucz0iaHR0cDovL3d3dy53My5vcmcvMjAwMC9zdmciPjwvc3ZnPg==' \/><\/label>\n\t\t\t\t\t\t\t<\/li>\n\t\t\t\t\t<li class=\"payment_method_mollie_wc_gateway_ideal\">\n\t\t\t\t<label>iDEAL<img data-src='https:\/\/lions-pharmacy.com\/wp-content\/plugins\/mollie-payments-for-woocommerce\/public\/images\/ideal.svg' alt='ideal icon' class='mollie-gateway-icon lazyload' src='data:image\/svg+xml;base64,PHN2ZyB3aWR0aD0iMSIgaGVpZ2h0PSIxIiB4bWxucz0iaHR0cDovL3d3dy53My5vcmcvMjAwMC9zdmciPjwvc3ZnPg==' \/><\/label>\n\t\t\t\t\t\t\t\t\t<div class=\"payment_box payment_method_mollie_wc_gateway_ideal\">\n\t\t\t\t\t\t<p>W\u00e4hle deine Bank<\/p>\n\t\t\t\t\t<\/div>\n\t\t\t\t\t\t\t<\/li>\n\t\t\t\t\t<li class=\"payment_method_mollie_wc_gateway_applepay\">\n\t\t\t\t<label>Apple Pay<img data-src='https:\/\/lions-pharmacy.com\/wp-content\/plugins\/mollie-payments-for-woocommerce\/public\/images\/applepay.svg' alt='applepay icon' class='mollie-gateway-icon lazyload' src='data:image\/svg+xml;base64,PHN2ZyB3aWR0aD0iMSIgaGVpZ2h0PSIxIiB4bWxucz0iaHR0cDovL3d3dy53My5vcmcvMjAwMC9zdmciPjwvc3ZnPg==' \/><\/label>\n\t\t\t\t\t\t\t<\/li>\n\t\t\t\t\t<li class=\"payment_method_mollie_wc_gateway_creditcard\">\n\t\t\t\t<label>Kreditkarte<img data-src='https:\/\/lions-pharmacy.com\/wp-content\/plugins\/mollie-payments-for-woocommerce\/\/public\/images\/amex.svg' alt='creditcard icon' class='mollie-gateway-icon lazyload' src='data:image\/svg+xml;base64,PHN2ZyB3aWR0aD0iMSIgaGVpZ2h0PSIxIiB4bWxucz0iaHR0cDovL3d3dy53My5vcmcvMjAwMC9zdmciPjwvc3ZnPg==' \/><img data-src='https:\/\/lions-pharmacy.com\/wp-content\/plugins\/mollie-payments-for-woocommerce\/\/public\/images\/mastercard.svg' alt='creditcard icon' class='mollie-gateway-icon lazyload' src='data:image\/svg+xml;base64,PHN2ZyB3aWR0aD0iMSIgaGVpZ2h0PSIxIiB4bWxucz0iaHR0cDovL3d3dy53My5vcmcvMjAwMC9zdmciPjwvc3ZnPg==' \/><img data-src='https:\/\/lions-pharmacy.com\/wp-content\/plugins\/mollie-payments-for-woocommerce\/\/public\/images\/visa.svg' alt='creditcard icon' class='mollie-gateway-icon lazyload' src='data:image\/svg+xml;base64,PHN2ZyB3aWR0aD0iMSIgaGVpZ2h0PSIxIiB4bWxucz0iaHR0cDovL3d3dy53My5vcmcvMjAwMC9zdmciPjwvc3ZnPg==' \/><\/label>\n\t\t\t\t\t\t\t\t\t<div class=\"payment_box payment_method_mollie_wc_gateway_creditcard\">\n\t\t\t\t\t\t<p><\/p>\n\t\t\t\t\t<\/div>\n\t\t\t\t\t\t\t<\/li>\n\t\t\t\t\t<li class=\"payment_method_ppcp-gateway\">\n\t\t\t\t<label>PayPal<img decoding=\"async\" data-src=\"https:\/\/lions-pharmacy.com\/wp-content\/plugins\/woocommerce-paypal-payments\/modules\/ppcp-wc-gateway\/assets\/images\/paypal.svg\" alt=\"PayPal\" src=\"data:image\/svg+xml;base64,PHN2ZyB3aWR0aD0iMSIgaGVpZ2h0PSIxIiB4bWxucz0iaHR0cDovL3d3dy53My5vcmcvMjAwMC9zdmciPjwvc3ZnPg==\" class=\"lazyload\" \/><\/label>\n\t\t\t\t\t\t\t<\/li>\n\t\t\t\t\t<li class=\"payment_method_ppcp-googlepay\">\n\t\t\t\t<label>Google Pay<img decoding=\"async\" data-src=\"https:\/\/lions-pharmacy.com\/wp-content\/plugins\/woocommerce-paypal-payments\/modules\/ppcp-googlepay\/assets\/images\/googlepay.svg\" alt=\"Google Pay\" src=\"data:image\/svg+xml;base64,PHN2ZyB3aWR0aD0iMSIgaGVpZ2h0PSIxIiB4bWxucz0iaHR0cDovL3d3dy53My5vcmcvMjAwMC9zdmciPjwvc3ZnPg==\" class=\"lazyload\" \/><\/label>\n\t\t\t\t\t\t\t<\/li>\n\t\t\t\t\t<li class=\"payment_method_mollie_wc_gateway_trustly\">\n\t\t\t\t<label>Trustly<img data-src='https:\/\/lions-pharmacy.com\/wp-content\/plugins\/mollie-payments-for-woocommerce\/public\/images\/trustly.svg' alt='trustly icon' class='mollie-gateway-icon lazyload' src='data:image\/svg+xml;base64,PHN2ZyB3aWR0aD0iMSIgaGVpZ2h0PSIxIiB4bWxucz0iaHR0cDovL3d3dy53My5vcmcvMjAwMC9zdmciPjwvc3ZnPg==' \/><\/label>\n\t\t\t\t\t\t\t<\/li>\n\t\t\t\t\t<li class=\"payment_method_bacs\">\n\t\t\t\t<label>Vorkasse<\/label>\n\t\t\t\t\t\t\t\t\t<div class=\"payment_box payment_method_bacs\">\n\t\t\t\t\t\t<p>Nach Ihrer Bestellung erhalten Sie die Daten f\u00fcr die Vorauszahlung. Bitte \u00fcberweisen Sie den Bestellbetrag auf unser Konto.<\/p>\n\t\t\t\t\t<\/div>\n\t\t\t\t\t\t\t<\/li>\n\t\t\t\t\t<li class=\"payment_method_mollie_wc_gateway_satispay\">\n\t\t\t\t<label>Satispay<img data-src='https:\/\/lions-pharmacy.com\/wp-content\/plugins\/mollie-payments-for-woocommerce\/public\/images\/satispay.svg' alt='satispay icon' class='mollie-gateway-icon lazyload' src='data:image\/svg+xml;base64,PHN2ZyB3aWR0aD0iMSIgaGVpZ2h0PSIxIiB4bWxucz0iaHR0cDovL3d3dy53My5vcmcvMjAwMC9zdmciPjwvc3ZnPg==' \/><\/label>\n\t\t\t\t\t\t\t<\/li>\n\t\t\t\t\t<li class=\"payment_method_mollie_wc_gateway_swish\">\n\t\t\t\t<label>Swish<img data-src='https:\/\/lions-pharmacy.com\/wp-content\/plugins\/mollie-payments-for-woocommerce\/public\/images\/swish.svg' alt='swish icon' class='mollie-gateway-icon lazyload' src='data:image\/svg+xml;base64,PHN2ZyB3aWR0aD0iMSIgaGVpZ2h0PSIxIiB4bWxucz0iaHR0cDovL3d3dy53My5vcmcvMjAwMC9zdmciPjwvc3ZnPg==' \/><\/label>\n\t\t\t\t\t\t\t<\/li>\n\t\t\t\t\t<li class=\"payment_method_mollie_wc_gateway_mbway\">\n\t\t\t\t<label>MB Way<img data-src='https:\/\/lions-pharmacy.com\/wp-content\/plugins\/mollie-payments-for-woocommerce\/public\/images\/mbway.svg' alt='mbway icon' class='mollie-gateway-icon lazyload' src='data:image\/svg+xml;base64,PHN2ZyB3aWR0aD0iMSIgaGVpZ2h0PSIxIiB4bWxucz0iaHR0cDovL3d3dy53My5vcmcvMjAwMC9zdmciPjwvc3ZnPg==' \/><\/label>\n\t\t\t\t\t\t\t<\/li>\n\t\t\t\t\t<li class=\"payment_method_mollie_wc_gateway_multibanco\">\n\t\t\t\t<label>Multibanco<img data-src='https:\/\/lions-pharmacy.com\/wp-content\/plugins\/mollie-payments-for-woocommerce\/public\/images\/multibanco.svg' alt='multibanco icon' class='mollie-gateway-icon lazyload' src='data:image\/svg+xml;base64,PHN2ZyB3aWR0aD0iMSIgaGVpZ2h0PSIxIiB4bWxucz0iaHR0cDovL3d3dy53My5vcmcvMjAwMC9zdmciPjwvc3ZnPg==' \/><\/label>\n\t\t\t\t\t\t\t<\/li>\n\t\t\t<\/ul>\n<\/div>\n\n<p><\/p>\n\n<p><\/p>\n\n<h4 class=\"wp-block-heading\">RECHNUNG<\/h4>\n\n<p>Wenn Sie &#8220;Zahlung per Rechnung&#8221; ausw\u00e4hlen, erhalten Sie nach Ihrer Bestellung eine Bestellbest\u00e4tigung mit unseren Kontodaten und dem Rechnungsbetrag. Bonit\u00e4tspr\u00fcfung vorbehalten. Diese Zahlungsmethode ist f\u00fcr Erstkunden nicht verf\u00fcgbar. Beim Kauf auf Rechnung haben Sie nach Erhalt der Ware 14 Tage Zeit bis zur Zahlung. Sie \u00fcberweisen den Rechnungsbetrag auf das benannte Konto.<\/p>\n\n<p>Um sicherzustellen, dass Ihre Zahlung immer der richtigen Bestellung zugeordnet wird, geben Sie bitte im Verwendungszweck die vollst\u00e4ndige Bestell- und Kundennummer an. Die Informationen finden Sie auf dem Rechnungsbeleg.<\/p>\n\n<p>Unsere Bankverbindung lautet:<\/p>\n\n<p>BANK: Volksbank Karlsruhe Baden-Baden<br\/>KONTONUMMER: 00056813209<br\/>BANKLEITZAHL: 6629000<br\/>IBAN: DE056619000056813209<br\/>BIC: GENODE61KA1<\/p>\n\n<p>Bis zur vollst\u00e4ndigen Bezahlung bleibt die Ware Eigentum der L\u00f6wen Apotheke.<\/p>\n","protected":false},"excerpt":{"rendered":"<p>PAYMENT \u2013 IHRE ZAHLUNGSM\u00d6GLICHKEITEN Welche Zahlungsm\u00f6glichkeiten stehen mir bei Online-Bestellungen zur Verf\u00fcgung? VORAUSZAHLUNG Wenn Sie als Zahlungsart &#8220;Vorkasse&#8221; ausw\u00e4hlen, erhalten Sie nach Ihrer Bestellung eine Bestellbest\u00e4tigung mit unseren Kontodaten und dem Rechnungsbetrag. Sie \u00fcberweisen den Rechnungsbetrag und sobald dieser bei uns eingegangen ist, wird Ihre Bestellung bearbeitet und versendet. PayPal Wenn Sie &#8220;PayPal&#8221; als Zahlungsart [&hellip;]<\/p>\n","protected":false},"author":1,"featured_media":0,"parent":0,"menu_order":0,"comment_status":"closed","ping_status":"closed","template":"","meta":{"footnotes":""},"class_list":["post-2610","page","type-page","status-publish","hentry"],"yoast_head":"<!-- This site is optimized with the Yoast SEO plugin v26.5 - https:\/\/yoast.com\/wordpress\/plugins\/seo\/ -->\n<title>Zahlungsm\u00f6glichkeiten &#187; L\u00f6wen Apotheke<\/title>\n<meta name=\"description\" content=\"L\u00f6wen-Apotheke | registrierte deutsche Online-Apotheke | Bequemes und sicheres Einkaufen, Angebot von PayPal, Kreditkarten, mehr: Zahlungsm\u00f6glichkeiten\" \/>\n<meta name=\"robots\" content=\"index, follow, max-snippet:-1, max-image-preview:large, max-video-preview:-1\" \/>\n<link rel=\"canonical\" href=\"https:\/\/lions-pharmacy.com\/de\/zahlungsmoeglichkeiten\" \/>\n<meta property=\"og:locale\" content=\"de_DE\" \/>\n<meta property=\"og:type\" content=\"article\" \/>\n<meta property=\"og:title\" content=\"Zahlungsm\u00f6glichkeiten &#187; L\u00f6wen Apotheke\" \/>\n<meta property=\"og:description\" content=\"L\u00f6wen-Apotheke | registrierte deutsche Online-Apotheke | Bequemes und sicheres Einkaufen, Angebot von PayPal, Kreditkarten, mehr: Zahlungsm\u00f6glichkeiten\" \/>\n<meta property=\"og:url\" content=\"https:\/\/lions-pharmacy.com\/de\/zahlungsmoeglichkeiten\" \/>\n<meta property=\"og:site_name\" content=\"L\u00f6wen Apotheke\" \/>\n<meta property=\"article:modified_time\" content=\"2023-11-28T07:09:29+00:00\" \/>\n<meta property=\"og:image\" content=\"https:\/\/lions-pharmacy.com\/wp-content\/uploads\/2023\/01\/lion-pharmacy-fallback-image-.jpg\" \/>\n\t<meta property=\"og:image:width\" content=\"1200\" \/>\n\t<meta property=\"og:image:height\" content=\"675\" \/>\n\t<meta property=\"og:image:type\" content=\"image\/jpeg\" \/>\n<meta name=\"twitter:card\" content=\"summary_large_image\" \/>\n<meta name=\"twitter:label1\" content=\"Gesch\u00e4tzte Lesezeit\" \/>\n\t<meta name=\"twitter:data1\" content=\"1\u00a0Minute\" \/>\n<script type=\"application\/ld+json\" class=\"yoast-schema-graph\">{\"@context\":\"https:\/\/schema.org\",\"@graph\":[{\"@type\":\"WebPage\",\"@id\":\"https:\/\/lions-pharmacy.com\/de\/zahlungsmoeglichkeiten\",\"url\":\"https:\/\/lions-pharmacy.com\/de\/zahlungsmoeglichkeiten\",\"name\":\"Zahlungsm\u00f6glichkeiten &#187; L\u00f6wen Apotheke\",\"isPartOf\":{\"@id\":\"https:\/\/lions-pharmacy.com\/de#website\"},\"datePublished\":\"2022-12-11T08:03:40+00:00\",\"dateModified\":\"2023-11-28T07:09:29+00:00\",\"description\":\"L\u00f6wen-Apotheke | registrierte deutsche Online-Apotheke | Bequemes und sicheres Einkaufen, Angebot von PayPal, Kreditkarten, mehr: Zahlungsm\u00f6glichkeiten\",\"breadcrumb\":{\"@id\":\"https:\/\/lions-pharmacy.com\/de\/zahlungsmoeglichkeiten#breadcrumb\"},\"inLanguage\":\"de\",\"potentialAction\":[{\"@type\":\"ReadAction\",\"target\":[\"https:\/\/lions-pharmacy.com\/de\/zahlungsmoeglichkeiten\"]}]},{\"@type\":\"BreadcrumbList\",\"@id\":\"https:\/\/lions-pharmacy.com\/de\/zahlungsmoeglichkeiten#breadcrumb\",\"itemListElement\":[{\"@type\":\"ListItem\",\"position\":1,\"name\":\"Home\",\"item\":\"https:\/\/lions-pharmacy.com\/de\/homepage-lion-pharmacy\"},{\"@type\":\"ListItem\",\"position\":2,\"name\":\"Zahlungsm\u00f6glichkeiten\"}]},{\"@type\":\"WebSite\",\"@id\":\"https:\/\/lions-pharmacy.com\/de#website\",\"url\":\"https:\/\/lions-pharmacy.com\/de\",\"name\":\"Lions Pharmacy\",\"description\":\"Ihr Spezialist f\u00fcr Naturheilkunde aus Baden-Baden, Germany\",\"publisher\":{\"@id\":\"https:\/\/lions-pharmacy.com\/de#organization\"},\"alternateName\":\"Lion Pharmacy\",\"potentialAction\":[{\"@type\":\"SearchAction\",\"target\":{\"@type\":\"EntryPoint\",\"urlTemplate\":\"https:\/\/lions-pharmacy.com\/de?s={search_term_string}\"},\"query-input\":{\"@type\":\"PropertyValueSpecification\",\"valueRequired\":true,\"valueName\":\"search_term_string\"}}],\"inLanguage\":\"de\"},{\"@type\":\"Organization\",\"@id\":\"https:\/\/lions-pharmacy.com\/de#organization\",\"name\":\"Lions Pharmacy\",\"alternateName\":\"Lions Pharmacy24\",\"url\":\"https:\/\/lions-pharmacy.com\/de\",\"logo\":{\"@type\":\"ImageObject\",\"inLanguage\":\"de\",\"@id\":\"https:\/\/lions-pharmacy.com\/de#\/schema\/logo\/image\/\",\"url\":\"https:\/\/lions-pharmacy.com\/wp-content\/uploads\/2022\/12\/Logo-Lion-Pharmacy-c-o-Loewen-Apotheke-smal.jpg\",\"contentUrl\":\"https:\/\/lions-pharmacy.com\/wp-content\/uploads\/2022\/12\/Logo-Lion-Pharmacy-c-o-Loewen-Apotheke-smal.jpg\",\"width\":298,\"height\":99,\"caption\":\"Lions Pharmacy\"},\"image\":{\"@id\":\"https:\/\/lions-pharmacy.com\/de#\/schema\/logo\/image\/\"}}]}<\/script>\n<!-- \/ Yoast SEO plugin. -->","yoast_head_json":{"title":"Zahlungsm\u00f6glichkeiten &#187; L\u00f6wen Apotheke","description":"L\u00f6wen-Apotheke | registrierte deutsche Online-Apotheke | Bequemes und sicheres Einkaufen, Angebot von PayPal, Kreditkarten, mehr: Zahlungsm\u00f6glichkeiten","robots":{"index":"index","follow":"follow","max-snippet":"max-snippet:-1","max-image-preview":"max-image-preview:large","max-video-preview":"max-video-preview:-1"},"canonical":"https:\/\/lions-pharmacy.com\/de\/zahlungsmoeglichkeiten","og_locale":"de_DE","og_type":"article","og_title":"Zahlungsm\u00f6glichkeiten &#187; L\u00f6wen Apotheke","og_description":"L\u00f6wen-Apotheke | registrierte deutsche Online-Apotheke | Bequemes und sicheres Einkaufen, Angebot von PayPal, Kreditkarten, mehr: Zahlungsm\u00f6glichkeiten","og_url":"https:\/\/lions-pharmacy.com\/de\/zahlungsmoeglichkeiten","og_site_name":"L\u00f6wen Apotheke","article_modified_time":"2023-11-28T07:09:29+00:00","og_image":[{"width":1200,"height":675,"url":"https:\/\/lions-pharmacy.com\/wp-content\/uploads\/2023\/01\/lion-pharmacy-fallback-image-.jpg","type":"image\/jpeg"}],"twitter_card":"summary_large_image","twitter_misc":{"Gesch\u00e4tzte Lesezeit":"1\u00a0Minute"},"schema":{"@context":"https:\/\/schema.org","@graph":[{"@type":"WebPage","@id":"https:\/\/lions-pharmacy.com\/de\/zahlungsmoeglichkeiten","url":"https:\/\/lions-pharmacy.com\/de\/zahlungsmoeglichkeiten","name":"Zahlungsm\u00f6glichkeiten &#187; L\u00f6wen Apotheke","isPartOf":{"@id":"https:\/\/lions-pharmacy.com\/de#website"},"datePublished":"2022-12-11T08:03:40+00:00","dateModified":"2023-11-28T07:09:29+00:00","description":"L\u00f6wen-Apotheke | registrierte deutsche Online-Apotheke | Bequemes und sicheres Einkaufen, Angebot von PayPal, Kreditkarten, mehr: Zahlungsm\u00f6glichkeiten","breadcrumb":{"@id":"https:\/\/lions-pharmacy.com\/de\/zahlungsmoeglichkeiten#breadcrumb"},"inLanguage":"de","potentialAction":[{"@type":"ReadAction","target":["https:\/\/lions-pharmacy.com\/de\/zahlungsmoeglichkeiten"]}]},{"@type":"BreadcrumbList","@id":"https:\/\/lions-pharmacy.com\/de\/zahlungsmoeglichkeiten#breadcrumb","itemListElement":[{"@type":"ListItem","position":1,"name":"Home","item":"https:\/\/lions-pharmacy.com\/de\/homepage-lion-pharmacy"},{"@type":"ListItem","position":2,"name":"Zahlungsm\u00f6glichkeiten"}]},{"@type":"WebSite","@id":"https:\/\/lions-pharmacy.com\/de#website","url":"https:\/\/lions-pharmacy.com\/de","name":"Lions Pharmacy","description":"Ihr Spezialist f\u00fcr Naturheilkunde aus Baden-Baden, Germany","publisher":{"@id":"https:\/\/lions-pharmacy.com\/de#organization"},"alternateName":"Lion Pharmacy","potentialAction":[{"@type":"SearchAction","target":{"@type":"EntryPoint","urlTemplate":"https:\/\/lions-pharmacy.com\/de?s={search_term_string}"},"query-input":{"@type":"PropertyValueSpecification","valueRequired":true,"valueName":"search_term_string"}}],"inLanguage":"de"},{"@type":"Organization","@id":"https:\/\/lions-pharmacy.com\/de#organization","name":"Lions Pharmacy","alternateName":"Lions Pharmacy24","url":"https:\/\/lions-pharmacy.com\/de","logo":{"@type":"ImageObject","inLanguage":"de","@id":"https:\/\/lions-pharmacy.com\/de#\/schema\/logo\/image\/","url":"https:\/\/lions-pharmacy.com\/wp-content\/uploads\/2022\/12\/Logo-Lion-Pharmacy-c-o-Loewen-Apotheke-smal.jpg","contentUrl":"https:\/\/lions-pharmacy.com\/wp-content\/uploads\/2022\/12\/Logo-Lion-Pharmacy-c-o-Loewen-Apotheke-smal.jpg","width":298,"height":99,"caption":"Lions Pharmacy"},"image":{"@id":"https:\/\/lions-pharmacy.com\/de#\/schema\/logo\/image\/"}}]}},"_links":{"self":[{"href":"https:\/\/lions-pharmacy.com\/de\/wp-json\/wp\/v2\/pages\/2610","targetHints":{"allow":["GET"]}}],"collection":[{"href":"https:\/\/lions-pharmacy.com\/de\/wp-json\/wp\/v2\/pages"}],"about":[{"href":"https:\/\/lions-pharmacy.com\/de\/wp-json\/wp\/v2\/types\/page"}],"author":[{"embeddable":true,"href":"https:\/\/lions-pharmacy.com\/de\/wp-json\/wp\/v2\/users\/1"}],"replies":[{"embeddable":true,"href":"https:\/\/lions-pharmacy.com\/de\/wp-json\/wp\/v2\/comments?post=2610"}],"version-history":[{"count":0,"href":"https:\/\/lions-pharmacy.com\/de\/wp-json\/wp\/v2\/pages\/2610\/revisions"}],"wp:attachment":[{"href":"https:\/\/lions-pharmacy.com\/de\/wp-json\/wp\/v2\/media?parent=2610"}],"curies":[{"name":"wp","href":"https:\/\/api.w.org\/{rel}","templated":true}]}}